{"id":8002,"date":"2025-08-28T14:48:24","date_gmt":"2025-08-28T12:48:24","guid":{"rendered":"https:\/\/www.nti-audio.com\/unternehmen\/ueber-nti"},"modified":"2026-02-05T14:00:13","modified_gmt":"2026-02-05T13:00:13","slug":"ueber-nti","status":"publish","type":"page","link":"https:\/\/www.nti-audio.com\/de\/unternehmen\/ueber-nti","title":{"rendered":"\u00dcber NTi"},"content":{"rendered":"","protected":false},"excerpt":{"rendered":"<p>Die NTi Audio AG ist ein f\u00fchrender Hersteller von Test- und Messl\u00f6sungen f\u00fcr Akustik-, Audio- und Vibrationsanwendungen.<\/p>\n","protected":false},"author":1,"featured_media":8005,"parent":7616,"menu_order":11,"comment_status":"closed","ping_status":"closed","template":"","meta":{"_acf_changed":false,"_seopress_robots_primary_cat":"","_seopress_titles_title":"","_seopress_titles_desc":"","_seopress_robots_index":"","footnotes":""},"product-cats":[],"class_list":["post-8002","page","type-page","status-publish","has-post-thumbnail"],"acf":[],"_links":{"self":[{"href":"https:\/\/www.nti-audio.com\/de\/wp-json\/wp\/v2\/pages\/8002","targetHints":{"allow":["GET"]}}],"collection":[{"href":"https:\/\/www.nti-audio.com\/de\/wp-json\/wp\/v2\/pages"}],"about":[{"href":"https:\/\/www.nti-audio.com\/de\/wp-json\/wp\/v2\/types\/page"}],"author":[{"embeddable":true,"href":"https:\/\/www.nti-audio.com\/de\/wp-json\/wp\/v2\/users\/1"}],"replies":[{"embeddable":true,"href":"https:\/\/www.nti-audio.com\/de\/wp-json\/wp\/v2\/comments?post=8002"}],"version-history":[{"count":0,"href":"https:\/\/www.nti-audio.com\/de\/wp-json\/wp\/v2\/pages\/8002\/revisions"}],"up":[{"embeddable":true,"href":"https:\/\/www.nti-audio.com\/de\/wp-json\/wp\/v2\/pages\/7616"}],"wp:featuredmedia":[{"embeddable":true,"href":"https:\/\/www.nti-audio.com\/de\/wp-json\/wp\/v2\/media\/8005"}],"wp:attachment":[{"href":"https:\/\/www.nti-audio.com\/de\/wp-json\/wp\/v2\/media?parent=8002"}],"wp:term":[{"taxonomy":"product-cats","embeddable":true,"href":"https:\/\/www.nti-audio.com\/de\/wp-json\/wp\/v2\/product-cats?post=8002"}],"curies":[{"name":"wp","href":"https:\/\/api.w.org\/{rel}","templated":true}]}}