{"id":8327,"date":"2024-04-23T07:16:04","date_gmt":"2024-04-23T05:16:04","guid":{"rendered":"https:\/\/www.nti-audio.com\/datenschutzerklaerung"},"modified":"2026-03-12T16:10:44","modified_gmt":"2026-03-12T15:10:44","slug":"datenschutzerklaerung","status":"publish","type":"page","link":"https:\/\/www.nti-audio.com\/de\/datenschutzerklaerung","title":{"rendered":"Datenschutzerkl\u00e4rung"},"content":{"rendered":"\n<p><em>Letzte Aktualisierung: Mai 2019<\/em><\/p>\n\n\n\n<p>Ihre Privatsph\u00e4re ist uns wichtig. Daher haben wir diese Datenschutzerkl\u00e4rung verfasst, die Sie dar\u00fcber informiert, wie wir Ihre personenbezogenen Daten verarbeiten, wenn Sie ein&nbsp;<a href=\"https:\/\/my.nti-audio.com\/home.php\" target=\"_blank\" rel=\"noopener nofollow\">my.nti-audio-Konto<\/a>&nbsp;einrichten, mit unseren Kundenbetreuern kommunizieren oder&nbsp;<a href=\"https:\/\/www.nti-audio.com\/\">www.nti-audio.com<\/a>&nbsp;besuchen.<\/p>\n\n\n\n<p>Mit dieser Datenschutzerkl\u00e4rung m\u00f6chten wir Ihnen einen \u00dcberblick \u00fcber die Verarbeitung Ihrer Daten und die Ihnen zukommenden Rechte nach den Bestimmungen der Datenschutz-Grundverordnung (nachfolgend &#8220;DSGVO&#8221; genannt) und dem liechtensteinischen Datenschutzgesetz (nachfolgend &#8220;DSG&#8221; genannt) geben:<\/p>\n\n\n\n<h2 class=\"wp-block-heading\">Name und Adresse des f\u00fcr die Verarbeitung Verantwortlichen sowie des Datenschutzbeauftragten<\/h2>\n\n\n\n<p>Verantwortliche im Sinne der DSGVO ist die NTi Audio AG,&nbsp;<a href=\"mailto:privacy@nti-audio.com\">privacy@nti-audio.com<\/a>, Tel.: +423 239 6060.<\/p>\n\n\n\n<h2 class=\"wp-block-heading\">Erhebung und Speicherung personenbezogener Daten sowie Art und Zweck von deren Verwendung<\/h2>\n\n\n\n<p>Wie beschrieben verarbeiten wir nur die notwendigen Daten. Diese k\u00f6nnen sich je nach Personengruppe unterscheiden.<\/p>\n\n\n\n<p>Wenn Sie uns kontaktieren bzw. beauftragen, erheben wir insbesondere folgende Informationen:<\/p>\n\n\n\n<ul class=\"wp-block-list\">\n<li>Personalien (z.B. Anrede, Vorname, Nachname)<\/li>\n\n\n\n<li>Adress- &amp; Kontaktdaten (z.B. Firmenadresse, E-Mail-Adresse, Telefonnummer)<\/li>\n\n\n\n<li>Alle weiteren Informationen, die f\u00fcr die Erbringung unserer Dienstleistungen f\u00fcr Sie bzw. die Erf\u00fcllung unseres Auftrages notwendig sind.<\/li>\n<\/ul>\n\n\n\n<p>Die Erhebung dieser Daten erfolgt,<\/p>\n\n\n\n<ul class=\"wp-block-list\">\n<li>um Sie als unseren Kunden \/ unsere Kundin identifizieren zu k\u00f6nnen;<\/li>\n\n\n\n<li>um Sie angemessen beraten zu k\u00f6nnen, zur Erbringung unserer Dienstleistungen bzw. Erf\u00fcllung unseres Auftrages;<\/li>\n\n\n\n<li>zur Korrespondenz mit Ihnen;<\/li>\n\n\n\n<li>zur Rechnungsstellung;<\/li>\n\n\n\n<li>zur Abwicklung oder Geltendmachung von bzw. Verteidigung gegen evtl. vorliegende (Haftungs-) Anspr\u00fcche.<\/li>\n<\/ul>\n\n\n\n<p>Ohne diese Daten sind wir in der Regel nicht in der Lage, eine Kundenbeziehung einzugehen bzw. aufrechtzuerhalten. Es ist m\u00f6glich, dass wir Daten verarbeiten, die nicht direkt bei Ihnen erhoben worden sind, sondern z.B. von anderen Betroffenen stammen.<\/p>\n\n\n\n<p>Die Datenverarbeitung erfolgt grunds\u00e4tzlich auf Ihre Anfrage hin und ist nach Art. 6 Abs. 1 lit. b DSGVO zu den genannten Zwecken (Erf\u00fcllung eines Vertrages oder zur Durchf\u00fchrung vorvertraglicher Massnahmen) f\u00fcr die angemessene Bearbeitung Ihres Auftrages und f\u00fcr die beidseitige Erf\u00fcllung von Verpflichtungen aus dem Vertrag erforderlich.<\/p>\n\n\n\n<p>Ihre Daten werden ausserdem auch zur Erf\u00fcllung rechtlicher Verpflichtungen (Art. 6 Abs. 1 lit. c DSGVO) oder im \u00f6ffentlichen Interesse (Art. 6 Abs. 1 lit. e DSGVO), insbesondere zur Einhaltung gesetzlicher und aufsichtsrechtlicher Vorgaben (z.B. DSG, Personen- und Gesellschaftsrecht (PGR), Allgemeines B\u00fcrgerliches Gesetzbuch (ABGB), verarbeitet.<\/p>\n\n\n\n<p>Dar\u00fcber hinaus werden Ihre Daten zur Wahrung berechtigter Interessen von uns oder von Dritten (Art. 6 Abs. 1 lit. f DSGVO) f\u00fcr konkret festgelegte Zwecke verarbeitet, insbesondere zur Erf\u00fcllung eines Vertrages mit einem Dritten, sowie zur Gew\u00e4hrleistung der Daten- und der IT-Sicherheit und des IT-Betriebs.<\/p>\n\n\n\n<p>Im \u00dcbrigen k\u00f6nnen Ihre Daten aufgrund Ihrer Einwilligung (Art. 6 Abs. 1 lit. a DSGVO), verarbeitet werden. Sie haben das Recht, Ihre Einwilligung jederzeit zu widerrufen. Dies gilt auch f\u00fcr den Widerruf von Einwilligungserkl\u00e4rungen, die uns vor dem Inkrafttreten der DSGVO erteilt worden sind. Der Widerruf der Einwilligung ber\u00fchrt allerdings nicht die Rechtm\u00e4ssigkeit der bis zum Widerruf verarbeiteten Daten.<\/p>\n\n\n\n<p>Wir behalten uns vor, personenbezogene Daten, die zu einem der vorstehenden Zwecke erhoben wurden, auch zu den \u00fcbrigen Zwecken weiter zu verarbeiten, wenn dies mit dem urspr\u00fcnglichen Zweck vereinbar oder durch Rechtsvorschrift zugelassen bzw. vorgeschrieben (z.B. allf\u00e4llige Meldepflichten) ist.<\/p>\n\n\n\n<h2 class=\"wp-block-heading\">Empf\u00e4nger oder Kategorien von Empf\u00e4ngern der personenbezogenen Daten<\/h2>\n\n\n\n<p>Innerhalb unseres Unternehmens d\u00fcrfen Mitarbeitende Ihre Daten nur verarbeiten, sofern sie diese zur Erf\u00fcllung unserer vertraglichen, gesetzlichen und aufsichtsrechtlichen Pflichten sowie zur Wahrung berechtigter Interessen ben\u00f6tigen. Zu diesen Zwecken k\u00f6nnen auch Dritte personenbezogene Daten erhalten, darunter auch Auftragsverarbeiter etwa im Bereichen IT-Dienstleistungen.<\/p>\n\n\n\n<h2 class=\"wp-block-heading\">\u00dcbermittlung von personenbezogenen Daten in Drittstaaten<\/h2>\n\n\n\n<p>Eine Daten\u00fcbermittlung in L\u00e4nder ausserhalb des Europ\u00e4ischen Wirtschafts-raumes (sog. Drittstaaten) erfolgt nur im Rahmen von Angemessenheitsbeschl\u00fcssen der Europ\u00e4ischen Kommission.<\/p>\n\n\n\n<h2 class=\"wp-block-heading\">Dauer der Speicherung der personenbezogenen Daten<\/h2>\n\n\n\n<p>Die f\u00fcr die Beauftragung von uns erhobenen personenbezogenen Daten werden grunds\u00e4tzlich bis zum Ablauf der gesetzlichen Aufbewahrungspflicht verarbeitet und danach gel\u00f6scht, es sei denn, dass uns nach Art. 6 Abs. 1 lit. c DSGVO aufgrund von steuer-, gesellschafts- oder aufsichtsrechtlichen Aufbewahrungs- und Dokumentationspflichten (insb. aus PGR, ABGB) eine l\u00e4ngere Speicherung notwendig erscheint oder Sie in eine dar\u00fcberhinausgehende Speicherung nach Art. 6 Abs. 1 lit. a DSGVO eingewilligt haben. Die Weiterverarbeitung und Speicherung kann auch aus Gr\u00fcnden der Erhaltung von Beweismitteln l\u00e4nger dauern, so zum Beispiel w\u00e4hrend der Dauer der anwendbaren Verj\u00e4hrungsvorschriften.<\/p>\n\n\n\n<h2 class=\"wp-block-heading\">Ihre Datenschutzrechte<\/h2>\n\n\n\n<p>Als Kundin oder Kunde bzw. generell als Betroffene\/r haben Sie jederzeit das Recht auf Auskunft \u00fcber Ihre personenbezogenen Daten, insb. deren Herkunft und Empf\u00e4nger und den Zweck der Datenverarbeitung. Sie haben zudem Recht auf Berichtigung, Daten\u00fcbertragung, Widerspruch, Einschr\u00e4nkung der Bearbeitung oder L\u00f6schung unrichtiger bzw. unzul\u00e4ssig verarbeiteter Daten.<\/p>\n\n\n\n<p>Insoweit sich \u00c4nderungen Ihrer pers\u00f6nlichen Daten ergeben, ersuchen wir um entsprechende Mitteilung.<\/p>\n\n\n\n<p>Sie haben jederzeit das Recht, eine erteilte Einwilligung zur Nutzung Ihrer personenbezogenen Daten zu widerrufen. Die Geltendmachung Ihres Rechts auf Auskunft, L\u00f6schung, Berichtigung, Widerspruch und\/oder Daten\u00fcbertragung kann an die in Punkt 1 dieser Erkl\u00e4rung angef\u00fchrte Adresse gerichtet werden.<\/p>\n\n\n\n<p>Wenn Sie der Auffassung sind, dass die Verarbeitung Ihrer personenbezogenen Daten durch uns gegen das geltende Datenschutzrecht verst\u00f6sst oder Ihre datenschutzrechtlichen Anspr\u00fcche in einer anderen Weise verletzt worden sind, besteht die M\u00f6glichkeit, bei der zust\u00e4ndigen Aufsichtsbeh\u00f6rde Beschwerde zu erheben. In Liechtenstein ist hierf\u00fcr die Datenschutzstelle zust\u00e4ndig.<\/p>\n\n\n\n<h2 class=\"wp-block-heading\">Geltende Fassung<\/h2>\n\n\n\n<p>Diese Datenschutzerkl\u00e4rung ist aktuell g\u00fcltig und hat den Stand Mai 2019.<br><br>Durch die Weiterentwicklung unserer Internetseite und Angebote dar\u00fcber oder aufgrund ge\u00e4nderter gesetzlicher bzw. beh\u00f6rdlicher Vorgaben kann es notwendig werden, diese Datenschutzerkl\u00e4rung zu \u00e4ndern. Die jeweils aktuelle Datenschutzerkl\u00e4rung kann jederzeit auf unserer Internetseite abgerufen und ausgedruckt werden.<\/p>\n\n\n\n<h2 class=\"wp-block-heading\">Bereitstellung der Internetseite<\/h2>\n\n\n\n<p>Bei jedem Aufruf unserer Internetseite erfasst unser System automatisiert Daten und Informationen vom Computersystem des aufrufenden Rechners.<\/p>\n\n\n\n<p>Folgende Daten werden hierbei erhoben:<\/p>\n\n\n\n<ul class=\"wp-block-list\">\n<li>Ger\u00e4tetyp des Nutzers<\/li>\n\n\n\n<li>Datum und Uhrzeit des Zugriffs<\/li>\n\n\n\n<li>Herkunftsinternetseite<\/li>\n\n\n\n<li>Ausstiegsseite<\/li>\n<\/ul>\n\n\n\n<p>Diese Informationen speichern wir im Rahmen der gesetzlichen Vorschriften. Rechtsgrundlage ist Art. 6 Abs. 1 lit. f DSGVO.<\/p>\n\n\n\n<p>Wir verwenden auf unserer Internetseite das Webanalyse-Tool &#8220;Google Analytics&#8221;. Dies dient ausschliesslich zur Optimierung der Webseite in Bezug auf Benutzerfreundlichkeit und Bereitstellung von n\u00fctzlichen Informationen \u00fcber unsere Leistungen. Google Analytics verwendet Cookies (siehe Pkt. 2.), die auf Ihrem Computer gespeichert werden. Die darin enthaltenen Informationen \u00fcber die Webseite- und Internetnutzung des Besuchers k\u00f6nnen von Google verarbeitet und ausgewertet werden. Die von Google erhobenen Daten werden gegebenenfalls von Google in Staaten ausserhalb der EU und des EWR, insbesondere die USA, \u00fcbermittelt. Google hat sich jedoch dem Privacy Shield Framework unterworfen. N\u00e4here Informationen zu Ihren Rechten finden Sie hier:&nbsp;<a href=\"https:\/\/commission.europa.eu\/law\/law-topic\/data-protection\/data-protection-eu_de\" target=\"_blank\" rel=\"noopener\">Datenschutz in der EU<\/a><\/p>\n\n\n\n<p>Wir stellen sicher, dass die Datenerhebung anonymisiert erfolgt, sodass keine personenbezogene Auswertung stattfindet. R\u00fcckschl\u00fcsse auf einzelne Personen oder eine Zusammenf\u00fchrung dieser Daten mit anderen personenbezogenen Datenquellen ist nicht m\u00f6glich. Eine Weitergabe an Dritte erfolgt nicht.<\/p>\n\n\n\n<p>Sie k\u00f6nnen die Cookies von Google Analytics auch dadurch verhindern, indem Sie beim Aufruf der Webseite im aufscheinenden Pop-up \u201eCookie-Informationen\u201c den Button \u00abnur notwendige Cookies\u00bb ausw\u00e4hlen. Dann wird die Verwendung der Cookies von Google Analytics nicht zugelassen<\/p>\n\n\n\n<h2 class=\"wp-block-heading\">Cookies<\/h2>\n\n\n\n<p>Wir verwenden auf unserer Internetseite Cookies, um damit unser Angebot nutzerfreundlich zu gestalten. Cookies sind kleine Dateien, die Ihr Browser automatisch erstellt und die auf Ihrem Endger\u00e4t (Computer, Tablet, Smartphone etc.) gespeichert werden, wenn Sie unsere Seite besuchen. Dadurch k\u00f6nnen wir Ihren Browser beim n\u00e4chsten Besuch wiedererkennen.<\/p>\n\n\n\n<p>Sollten Sie dies nicht w\u00fcnschen, k\u00f6nnen Sie Ihren Browser etwa so einrichten, dass er Sie \u00fcber das Setzen von Cookies informiert. Wir weisen Sie allerdings darauf hin, dass eine Deaktivierung dazu f\u00fchrt, dass Sie nicht alle Funktionen unserer Internetseite nutzen k\u00f6nnen.<\/p>\n\n\n\n<p>Rechtsgrundlage f\u00fcr die durch Cookies verarbeiteten Daten ist Art. 6 Abs. 1 lit. f DSGVO.<\/p>\n\n\n\n<p>In unserem Cookies-Hinweis finden sie alle Cookies aufgelistet, nach Funktion sortiert und im Detail erkl\u00e4rt. Sie k\u00f6nnen ihre Einstellungen jederzeit individualisieren und entsprechend nur die notwendigen oder alle Cookies (inkl. Statistik, Marketing, etc.) zulassen oder ablehnen.<\/p>\n\n\n\n<p>Die Cookie-Einstellungen&nbsp;bleiben f\u00fcr 12 Monate bestehen, anschliessend m\u00fcssen die Angaben wiederholt werden.&nbsp;<\/p>\n\n\n\n<h2 class=\"wp-block-heading\">Kontaktformular\/E-Mail<\/h2>\n\n\n\n<p>F\u00fcllen Sie ein Kontaktformular aus oder senden Sie uns eine E-Mail oder eine sonstige elektronische Nachricht, werden Ihre Angaben nur f\u00fcr die Bearbeitung der Anfrage bzw. der diesbez\u00fcglichen Korrespondenz gespeichert und nur im Rahmen der Anfrage verwendet.<\/p>\n\n\n\n<p>Rechtsgrundlage f\u00fcr die Bearbeitung Ihrer Anfrage ist Art. 6 Abs. 1 lit. b DSGVO.<\/p>\n\n\n\n<h2 class=\"wp-block-heading\">Newsletter<\/h2>\n\n\n\n<p>Wenn Sie sich f\u00fcr unseren Newsletter anmelden, senden wir an die angegebene E-Mail-Adresse umgehend ein E-Mail, welche einen Hyperlink enth\u00e4lt. Mit Klick auf diesen Link best\u00e4tigen Sie Ihre Newsletter-Anmeldung (sog. Double-Opt-In-Verfahren).<\/p>\n\n\n\n<p>Best\u00e4tigen Sie die Newsletter-Anmeldung, erteilen Sie die Einwilligung zur Speicherung Ihrer E-Mail-Adresse einschliesslich Datum der Eintragung und IP-Adresse. Rechtsgrundlage f\u00fcr die Speicherung dieser Daten ist Art. 6 Abs. 1 lit. a DSGVO. Wir verwenden Ihre E-Mail-Adresse nur f\u00fcr die Verwaltung und die Zusendung des von Ihnen gew\u00fcnschten Newsletters.<\/p>\n\n\n\n<p>Unsere Newsletters enthalten keine Werbung Dritter oder Verkn\u00fcpfungen auf fremde Seiten, die nicht direkt mit dem Inhalt unseres Newsletters in Zusammenhang stehen.<\/p>\n\n\n\n<p>Jeder Newsletter enth\u00e4lt einen Hinweis darauf, wie Sie sich f\u00fcr den Newsletter wieder abmelden k\u00f6nnen.<\/p>\n\n\n\n<p>Wir verwenden Brevo als unsere Marketing-Plattform. Wenn Sie das Formular ausf\u00fcllen und absenden, best\u00e4tigen Sie, dass die von Ihnen angegebenen Informationen an Brevo zur Bearbeitung gem\u00e4\u00df den&nbsp;<a href=\"https:\/\/www.brevo.com\/de\/legal\/termsofuse\/\" target=\"_blank\" rel=\"noopener nofollow\">Nutzungsbedingungen<\/a>&nbsp;\u00fcbertragen werden.&nbsp;<\/p>\n\n\n\n<h2 class=\"wp-block-heading\">Dateidownloads<\/h2>\n\n\n\n<p>Wir verlangen von Ihnen keine pers\u00f6nlichen Angaben, damit Sie Dateien von unserer Internetseite herunterladen k\u00f6nnen.<\/p>\n\n\n\n<h2 class=\"wp-block-heading\">Social Media<\/h2>\n\n\n\n<p>Die Datenschutzerkl\u00e4rung zu unserer Facebook Fanpage finden Sie hier:<br><a href=\"https:\/\/www.facebook.com\/NTiAudio\/\" target=\"_blank\" rel=\"noopener nofollow\">https:\/\/www.facebook.com\/NTiAudio\/<\/a><\/p>\n\n\n\n<h2 class=\"wp-block-heading\">Verwendung von YouTube<\/h2>\n\n\n\n<p>Wir verwenden auf unserer Website die Funktion zur Einbettung von YouTube-Videos der YouTube LLC. (901 Cherry Ave., San Bruno, CA 94066, USA; \u201eYouTube\u201c). YouTube ist ein mit der Google Inc. (1600 Amphitheatre Parkway, Mountain View, CA 94043, USA; \u201cGoogle\u201d) verbundenes Unternehmen. Die Funktion zeigt bei YouTube hinterlegte Videos in einem iFrame auf der Website an. Dabei ist die Option \u201eErweiterter Datenschutzmodus\u201c aktiviert. Dadurch werden von YouTube keine Informationen \u00fcber die Besucher der Website gespeichert. Erst wenn Sie sich ein Video ansehen, werden Informationen dar\u00fcber an YouTube \u00fcbermittelt und dort gespeichert.<br>N\u00e4here Informationen zur Erhebung und Nutzung der Daten durch YouTube und Google, \u00fcber Ihre diesbez\u00fcglichen Rechte und M\u00f6glichkeiten zum Schutz Ihrer Privatsph\u00e4re finden Sie in den&nbsp;<a href=\"https:\/\/www.youtube.com\/t\/privacy\" target=\"_blank\" rel=\"noopener\">Datenschutzhinweisen von YouTube<\/a>.<\/p>\n","protected":false},"excerpt":{"rendered":"<p>Letzte Aktualisierung: Mai 2019 Ihre Privatsph\u00e4re ist uns wichtig. Daher haben wir diese Datenschutzerkl\u00e4rung verfasst, die Sie dar\u00fcber informiert, wie wir Ihre personenbezogenen Daten verarbeiten, wenn Sie ein&nbsp;my.nti-audio-Konto&nbsp;einrichten, mit unseren Kundenbetreuern kommunizieren oder&nbsp;www.nti-audio.com&nbsp;besuchen. Mit dieser Datenschutzerkl\u00e4rung m\u00f6chten wir Ihnen einen \u00dcberblick \u00fcber die Verarbeitung Ihrer Daten und die Ihnen zukommenden Rechte nach den Bestimmungen der [&hellip;]<\/p>\n","protected":false},"author":1,"featured_media":0,"parent":0,"menu_order":15,"comment_status":"closed","ping_status":"closed","template":"","meta":{"_acf_changed":false,"_seopress_robots_primary_cat":"","_seopress_titles_title":"","_seopress_titles_desc":"","_seopress_robots_index":"yes","footnotes":""},"product-cats":[],"class_list":["post-8327","page","type-page","status-publish"],"acf":[],"_links":{"self":[{"href":"https:\/\/www.nti-audio.com\/de\/wp-json\/wp\/v2\/pages\/8327","targetHints":{"allow":["GET"]}}],"collection":[{"href":"https:\/\/www.nti-audio.com\/de\/wp-json\/wp\/v2\/pages"}],"about":[{"href":"https:\/\/www.nti-audio.com\/de\/wp-json\/wp\/v2\/types\/page"}],"author":[{"embeddable":true,"href":"https:\/\/www.nti-audio.com\/de\/wp-json\/wp\/v2\/users\/1"}],"replies":[{"embeddable":true,"href":"https:\/\/www.nti-audio.com\/de\/wp-json\/wp\/v2\/comments?post=8327"}],"version-history":[{"count":0,"href":"https:\/\/www.nti-audio.com\/de\/wp-json\/wp\/v2\/pages\/8327\/revisions"}],"wp:attachment":[{"href":"https:\/\/www.nti-audio.com\/de\/wp-json\/wp\/v2\/media?parent=8327"}],"wp:term":[{"taxonomy":"product-cats","embeddable":true,"href":"https:\/\/www.nti-audio.com\/de\/wp-json\/wp\/v2\/product-cats?post=8327"}],"curies":[{"name":"wp","href":"https:\/\/api.w.org\/{rel}","templated":true}]}}