{"id":8350,"date":"2024-04-23T07:16:15","date_gmt":"2024-04-23T05:16:15","guid":{"rendered":"https:\/\/www.nti-audio.com\/impressum"},"modified":"2026-03-12T16:05:23","modified_gmt":"2026-03-12T15:05:23","slug":"impressum","status":"publish","type":"page","link":"https:\/\/www.nti-audio.com\/de\/impressum","title":{"rendered":"Impressum"},"content":{"rendered":"\n<p>Hansj\u00f6rg Prettner, CEO <\/p>\n\n\n\n<p>NTi Audio AG <\/p>\n\n\n\n<p>Im alten Riet 102 <\/p>\n\n\n\n<p>9494 Schaan <\/p>\n\n\n\n<p>Liechtenstein <\/p>\n\n\n\n<p>Tel. +423 239 60 60 <\/p>\n\n\n\n<p>Handelsregister Vaduz: 2.012.557 <\/p>\n\n\n\n<p>MWSt Nr.: 54306<\/p>\n\n\n\n<p><strong>Nutzungsbedingungen <\/strong><\/p>\n\n\n\n<p><strong>Vereinbarung zwischen Benutzer und NTi Audio <\/strong><\/p>\n\n\n\n<p>Die Webseite von NTi Audio setzt sich aus verschiedenen Unterseiten zusammen, die alle von NTi Audio betrieben werden. S\u00e4mtliche NTi Audio Webseiten werden Ihnen unter der Bedingung angeboten, dass Sie die hierin enthaltenen Bestimmungen, Bedingungen und Hinweise ohne \u00c4nderung akzeptieren. Ihre Nutzung der NTi Audio Webseite stellt Ihre Zustimmung zu all diesen Bedingungen und Hinweisen dar.<\/p>\n\n\n\n<p>\u00c4nderung dieser Nutzungsbedingungen <\/p>\n\n\n\n<p>NTi Audio beh\u00e4lt sich das Recht vor, die Bedingungen und Hinweise, unter denen die NTi Audio Webseite angeboten wird, zu \u00e4ndern, einschlie\u00dflich, aber nicht beschr\u00e4nkt auf die mit der Nutzung der NTi Audio Webseite verbundenen Geb\u00fchren. <\/p>\n\n\n\n<p>Links zu Seiten Dritter <\/p>\n\n\n\n<p>Die Webseite von NTi Audio kann Links zu anderen Webseiten (&#8220;verlinkte Webseiten&#8221;) enthalten. Die verkn\u00fcpften Webseiten stehen nicht unter der Kontrolle von NTi Audio und NTi Audio ist nicht verantwortlich f\u00fcr deren Inhalte, einschlie\u00dflich, aber nicht beschr\u00e4nkt auf Links, die in einer verkn\u00fcpften Webseite enthalten sind, oder auf \u00c4nderungen oder Aktualisierungen einer verkn\u00fcpften Webseite. NTi Audio ist nicht verantwortlich f\u00fcr Webcasting oder irgendeine andere Form der \u00dcbertragung, die von einer verlinkten Webseite empfangen wird. NTi Audio stellt Ihnen diese Links lediglich als Annehmlichkeit zur Verf\u00fcgung, und die Aufnahme eines Links bedeutet nicht, dass NTi Audio die Webseite oder eine Verbindung mit ihren Betreibern billigt. <\/p>\n\n\n\n<p>Verbot von ungesetzlicher oder verbotener Nutzung <\/p>\n\n\n\n<p>Als Bedingung f\u00fcr Ihre Nutzung der NTi Audio Webseite garantieren Sie NTi Audio, dass Sie die NTi Audio Webseite nicht f\u00fcr Zwecke nutzen werden, die ungesetzlich oder durch diese Bedingungen und Hinweise verboten sind. Sie d\u00fcrfen die NTi Audio Webseite nicht in einer Weise nutzen, welche die NTi Audio Webseite besch\u00e4digen, deaktivieren, \u00fcberlasten oder beeintr\u00e4chtigen oder die Nutzung der NTi Audio Webseite durch andere Parteien st\u00f6ren k\u00f6nnte. Sie d\u00fcrfen keine Materialien oder Informationen auf eine Art und Weise erhalten oder zu erhalten versuchen, die nicht absichtlich durch die NTi Audio-Webseiten zur Verf\u00fcgung gestellt oder bereitgestellt werden. <\/p>\n\n\n\n<p>Nutzung von Kommunikationsdiensten <\/p>\n\n\n\n<p>Die NTi Audio-Webseite kann Bulletin-Board-Dienste, Chat-Bereiche, Nachrichtengruppen, Foren, Communities, pers\u00f6nliche Webseiten, Kalender und\/oder andere Nachrichten- oder Kommunikationseinrichtungen enthalten, die es Ihnen erm\u00f6glichen, mit der breiten \u00d6ffentlichkeit oder mit einer Gruppe zu kommunizieren (zusammenfassend &#8220;Kommunikationsdienste&#8221; genannt). Sie erkl\u00e4ren sich damit einverstanden, die Kommunikationsdienste nur zum Posten, Senden und Empfangen von Nachrichten und Materialien zu nutzen, die ordnungsgem\u00e4\u00df sind und sich auf den jeweiligen Kommunikationsdienst beziehen. Als Beispiel (aber nicht einschr\u00e4nkend) erkl\u00e4ren Sie sich damit einverstanden, dass Sie bei der Nutzung eines Kommunikationsdienstes folgendes nicht tun: <\/p>\n\n\n\n<p>Andere verleumden, missbrauchen, bel\u00e4stigen, stalken, bedrohen oder anderweitig die gesetzlichen Rechte (wie das Recht auf Privatsph\u00e4re und \u00d6ffentlichkeit) anderer verletzen. <\/p>\n\n\n\n<p>unangemessene, gottesl\u00e4sterliche, verleumderische, verletzende, obsz\u00f6ne, anst\u00f6\u00dfige oder ungesetzliche Themen, Namen, Materialien oder Informationen ver\u00f6ffentlichen, einstellen, hochladen, verteilen oder verbreiten. <\/p>\n\n\n\n<p>Hochladen von Dateien, die Software oder anderes Material enthalten, das durch Gesetze \u00fcber geistiges Eigentum (oder durch das Recht auf Privatsph\u00e4re oder \u00d6ffentlichkeit) gesch\u00fctzt ist, es sei denn, Sie besitzen oder kontrollieren die Rechte daran oder haben alle erforderlichen Zustimmungen erhalten. <\/p>\n\n\n\n<p>Hochladen von Dateien, die Viren, besch\u00e4digte Dateien oder andere \u00e4hnliche Software oder Programme enthalten, die den Betrieb des Computers einer anderen Person besch\u00e4digen k\u00f6nnen. <\/p>\n\n\n\n<p>Werbung oder das Angebot zum Verkauf oder Kauf von Waren oder Dienstleistungen f\u00fcr Gesch\u00e4ftszwecke publizieren, es sei denn, ein solcher Kommunikationsdienst erlaubt solche Mitteilungen ausdr\u00fccklich. Umfragen, Wettbewerbe, Pyramidensysteme oder Kettenbriefe durchf\u00fchren oder weiterleiten. <\/p>\n\n\n\n<p>Herunterladen von Dateien, die von einem anderen Benutzer eines Kommunikationsdienstes gepostet wurden und von denen Sie wissen oder vern\u00fcnftigerweise wissen sollten, dass sie auf diese Weise nicht legal verbreitet werden k\u00f6nnen. <\/p>\n\n\n\n<p>Autorenangaben, rechtliche oder andere ordnungsgem\u00e4\u00dfe Hinweise oder Eigentumsbezeichnungen oder Kennzeichnungen der Herkunft oder Quelle von Software oder anderem Material, das in einer hochgeladenen Datei enthalten ist, f\u00e4lschen oder l\u00f6schen. <\/p>\n\n\n\n<p>die Nutzung und den Genuss der Kommunikationsdienste durch andere Benutzer einzuschr\u00e4nken oder zu unterbinden. <\/p>\n\n\n\n<p>Gegen einen Verhaltenskodex oder andere Richtlinien versto\u00dfen, die f\u00fcr einen bestimmten Kommunikationsdienst anwendbar sein k\u00f6nnten. <\/p>\n\n\n\n<p>Informationen \u00fcber andere, einschlie\u00dflich E-Mail-Adressen, ohne deren Zustimmung zu sammeln oder anderweitig zu erfassen. <\/p>\n\n\n\n<p>Gegen geltende Gesetze oder Vorschriften versto\u00dfen. <\/p>\n\n\n\n<p>NTi Audio ist nicht verpflichtet, die verwendeten Kommunikationsdienste zu \u00fcberwachen. NTi Audio beh\u00e4lt sich jedoch das Recht vor, Materialien, die an einen Kommunikationsdienst gesendet wurden, zu \u00fcberpr\u00fcfen und Materialien nach eigenem Ermessen zu entfernen. NTi Audio beh\u00e4lt sich das Recht vor, Ihren Zugang zu einigen oder allen Kommunikationsdiensten jederzeit ohne Vorank\u00fcndigung und aus welchem Grund auch immer zu beenden. NTi Audio beh\u00e4lt sich das Recht vor, jederzeit nach eigenem Ermessen Informationen offenzulegen, wenn dies erforderlich ist, um geltenden Gesetzen, Vorschriften, rechtlichen Verfahren oder beh\u00f6rdlichen Aufforderungen nachzukommen, oder Informationen oder Materialien ganz oder teilweise zu bearbeiten, deren Ver\u00f6ffentlichung abzulehnen oder sie zu entfernen. <\/p>\n\n\n\n<p>Seien Sie immer vorsichtig, wenn Sie pers\u00f6nliche Informationen \u00fcber sich oder Ihre Familie in einem Kommunikationsdienst weitergeben. NTi Audio kontrolliert oder teilt nicht die Inhalte, Nachrichten oder Informationen, die in einem Kommunikationsdienst gefunden werden, und daher lehnt NTi Audio ausdr\u00fccklich jegliche Haftung in Bezug auf die Kommunikationsdienste und jegliche Handlungen ab, die sich aus Ihrer Teilnahme an einem Kommunikationsdienst ergeben. Manager und Gastgeber sind keine autorisierten Sprecher von NTi Audio, und ihre Ansichten spiegeln nicht notwendigerweise die von NTi Audio wider. Materialien, die in einen Kommunikationsdienst hochgeladen werden, k\u00f6nnen ver\u00f6ffentlichten Beschr\u00e4nkungen hinsichtlich der Nutzung, Reproduktion und\/oder Verbreitung unterliegen. Sie sind f\u00fcr die Einhaltung solcher Beschr\u00e4nkungen verantwortlich, wenn Sie die Materialien herunterladen. <\/p>\n\n\n\n<p><strong>Verwendung von Medieninhalten <\/strong><\/p>\n\n\n\n<p>NTi Audio autorisiert die Nutzung und das Herunterladen von Medieninhalten von www.nti-audio.com oder auf sozialen Netzwerken und Werbeplattformen, auf denen NTi Audio unter eigenem Namen t\u00e4tig ist, unter den folgenden Bedingungen. <\/p>\n\n\n\n<p>Die Wiedergabe, Ver\u00f6ffentlichung oder Vervielf\u00e4ltigung von Medieninhalten ist nur mit schriftlicher Genehmigung und nur zu Werbe- und Informationszwecken in unserem Interesse gestattet. Unter keinen Umst\u00e4nden d\u00fcrfen die Inhalte der Medien ohne unsere Zustimmung ver\u00e4ndert oder missbr\u00e4uchlich verwendet werden. Die Rechte an den Medieninhalten verbleiben bei NTi Audio. <\/p>\n\n\n\n<p>Der Begriff Medieninhalt bezieht sich auf: <\/p>\n\n\n\n<p>Fotografien <\/p>\n\n\n\n<p>Grafiken und Illustrationen <\/p>\n\n\n\n<p>Dokumente <\/p>\n\n\n\n<p>Texte <\/p>\n\n\n\n<p>Videos <\/p>\n\n\n\n<p>Audio-Dateien <\/p>\n\n\n\n<p>Materialien, die NTi Audio zur Verf\u00fcgung gestellt oder auf einer NTi Audio-Webseite ver\u00f6ffentlicht wurden NTi Audio erhebt keinen Eigentumsanspruch auf die Materialien, die Sie NTi Audio zur Verf\u00fcgung stellen (einschlie\u00dflich Feedback und Vorschl\u00e4ge) oder auf einer NTi Audio Webseite oder den damit verbundenen Diensten ver\u00f6ffentlichen, hochladen, eingeben oder einreichen (zusammenfassend &#8220;Einreichungen&#8221;). Durch das Posten, Hochladen, Eingeben, Bereitstellen oder Einreichen Ihrer Einsendung gew\u00e4hren Sie jedoch NTi Audio, seinen verbundenen Unternehmen und notwendigen Unterlizenznehmern die Erlaubnis, Ihre Einsendung in Verbindung mit dem Betrieb ihrer Internet-Gesch\u00e4fte zu verwenden, einschlie\u00dflich, ohne Einschr\u00e4nkung, der Rechte: Ihre Einsendung zu kopieren, zu verteilen, zu \u00fcbertragen, \u00f6ffentlich auszustellen, \u00f6ffentlich vorzuf\u00fchren, zu reproduzieren, zu bearbeiten, zu \u00fcbersetzen und neu zu formatieren; und Ihren Namen in Verbindung mit Ihrer Einsendung zu ver\u00f6ffentlichen. Es wird keine Entsch\u00e4digung in Bezug auf die Verwendung Ihrer Einreichung, wie hierin vorgesehen, gezahlt. NTi Audio ist nicht verpflichtet, die von Ihnen eingereichten Beitr\u00e4ge zu ver\u00f6ffentlichen oder zu verwenden und kann Beitr\u00e4ge jederzeit nach alleinigem Ermessen von NTi Audio entfernen. Durch das Posten, Hochladen, Eingeben, Bereitstellen oder Einreichen Ihrer Einsendung gew\u00e4hrleisten und sichern Sie zu, dass Sie alle Rechte an Ihrer Einsendung, wie in diesem Abschnitt beschrieben, besitzen oder anderweitig kontrollieren, einschlie\u00dflich, ohne Einschr\u00e4nkung, aller Rechte, die f\u00fcr das Bereitstellen, Posten, Hochladen, Eingeben oder Einreichen der Einsendungen erforderlich sind. <\/p>\n\n\n\n<p><strong>Haftungsausschluss <\/strong><\/p>\n\n\n\n<p>DIE INFORMATIONEN, SOFTWARE, PRODUKTE UND DIENSTE, DIE IN DER NTi Audio Webseite enthalten oder \u00fcber diese verf\u00fcgbar sind, k\u00f6nnen Ungenauigkeiten oder typografische Fehler enthalten. \u00c4NDERUNGEN WERDEN DEN HIERIN ENTHALTENEN INFORMATIONEN REGELM\u00c4\u00dfIG HINZUGEF\u00dcGT. NTi Audio UND\/ODER SEINE LIEFERANTEN K\u00d6NNEN VERBESSERUNGEN UND\/ODER \u00c4NDERUNGEN AUF DER NTi Audio WEBSEITE ZU JEDER ZEIT MACHEN. Ratschl\u00e4ge, die Sie \u00fcber die NTi Audio Webseite erhalten haben, sollten nicht f\u00fcr pers\u00f6nliche, medizinische, rechtliche oder finanzielle Entscheidungen verwendet werden und Sie sollten einen geeigneten Fachmann f\u00fcr spezielle Ratschl\u00e4ge konsultieren, die an Ihre Situation angepasst sind. <\/p>\n\n\n\n<p>NTi Audio UND\/ODER SEINE LIEFERANTEN \u00dcBERNEHMEN KEINE VERANTWORTUNGEN F\u00dcR DIE EIGNUNGSF\u00c4HIGKEIT, ZUVERL\u00c4SSIGKEIT, VERF\u00dcGBARKEIT, VERF\u00dcGBARKEIT, ZEITLINIE UND GENAUIGKEIT DER INFORMATIONEN, SOFTWARE, PRODUKTE, DIENSTLEISTUNGEN UND ZUGEH\u00d6RIGEN GRAPHIKEN, DIE AUF DER NTi Audio WEBSEITE F\u00dcR IRGENDWELCHEN ZWECK BEREITGESTELLT WERDEN. IM GR\u00d6\u00dfTM\u00d6GLICHEN DURCH DAS ANWENDBARE RECHT ERLAUBTEN UMFANG WERDEN ALLE DIESE INFORMATIONEN, SOFTWARE, PRODUKTE, DIENSTLEISTUNGEN UND ZUGEH\u00d6RIGEN GRAFIKEN &#8220;WIE BESEHEN&#8221; UND OHNE JEGLICHE GARANTIE ODER BEDINGUNG BEREITGESTELLT. NTi Audio UND\/ODER SEINE LIEFERANTEN SCHLIESSEN HIERMIT JEGLICHE GEW\u00c4HRLEISTUNGEN UND BEDINGUNGEN IM ZUSAMMENHANG MIT DIESEN INFORMATIONEN, SOFTWARE, PRODUKTEN AUS, DIENSTLEISTUNGEN UND ZUGEH\u00d6RIGE GRAFIKEN, EINSCHLIE\u00dfLICH ALLER STILLSCHWEIGENDEN GEW\u00c4HRLEISTUNGEN ODER BEDINGUNGEN DER MARKTG\u00c4NGIGKEIT, DER EIGNUNG F\u00dcR EINEN BESTIMMTEN ZWECK, DES TITELS UND DER NICHTVERLETZUNG VON RECHTEN DRITTER. <\/p>\n\n\n\n<p>IN DEM NACH ANWENDBAREM GESETZ H\u00d6CHSTM\u00d6GLICHEN UMFANG ERLAUBTEN UMFANG HAFTET NTi Audio UND\/ODER SEINE LIEFERANTEN IN KEINEM FALL F\u00dcR IRGENDWELCHE DIREKTEN, INDIREKTEN, STRAFENDEN, ZUF\u00c4LLIGEN, BESONDEREN SCH\u00c4DEN, FOLGESCH\u00c4DEN ODER JEGLICHE SCH\u00c4DEN, EINSCHLIESSLICH, JEDOCH OHNE EINSCHR\u00c4NKUNG, SCH\u00c4DEN F\u00dcR NUTZUNGS-, DATEN- ODER GEWINNVERLUSTE, DIE DURCH DIE NUTZUNG ODER DIE LEISTUNG DER NTi Audio WEBSEITE, DURCH DIE VERZ\u00d6GERUNG ODER UNM\u00d6GLICHKEIT DER NUTZUNG DER NTi Audio WEBSEITE ODER ZUGEH\u00d6RIGER DIENSTE ENTSTEHEN ODER AUF IRGENDEINE WEISE MIT DER NUTZUNG ODER LEISTUNG DER NTi Audio WEBSEITE VERBUNDEN WERDEN, DIE BEREITSTELLUNG ODER NICHT BEREITSTELLUNG VON DIENSTLEISTUNGEN ODER F\u00dcR IRGENDWELCHE INFORMATIONEN, SOFTWARE, PRODUKTE, DIENSTLEISTUNGEN UND ZUGEH\u00d6RIGE GRAPHIKEN, DIE \u00dcBER DIE NTi Audio WEBSEITE ODER ANDERWEITIG DURCH DIE NUTZUNG DER NTi Audio WEBSEITE ERHALTEN WURDEN, GLEICH OB AUFGRUND VON VERTRAG, UNERLAUBTER HANDLUNG, FAHRL\u00c4SSIGKEIT, HAFTUNG ODER ANDEREM, SELBST WENN NTi Audio ODER EINER SEINER LIEFERANTEN VON DER M\u00d6GLICHKEIT VON SCH\u00c4DEN IN KENNTNIS GESETZT WURDE. WEIL EINIGE STAATEN\/GERICHTSBARKEITEN DEN AUSSCHLUSS ODER DIE BESCHR\u00c4NKUNG DER HAFTUNG F\u00dcR FOLGESCH\u00c4DEN ODER BEIL\u00c4UFIG ENTSTANDENE SCH\u00c4DEN NICHT ZULASSEN, TRIFFT DIE OBIGE BESCHR\u00c4NKUNG M\u00d6GLICHERWEISE NICHT AUF SIE ZU. WENN SIE MIT IRGENDEINEM TEIL DER NTi Audio WEBSEITE ODER MIT EINEM TEIL DIESER NUTZUNGSBEDINGUNGEN NICHT EINVERSTANDEN SIND, IST IHRE EINZIGE UND AUSSCHLIESSLICHE KONSEQUENZ DIE NUTZUNG DER NTi Audio WEBSEITE ZU VERMEIDEN. <\/p>\n\n\n\n<p>SERVICE-KONTAKT : media@nti-audio.com <\/p>\n\n\n\n<p><strong>Beendigung\/Zugangsbeschr\u00e4nkung <\/strong><\/p>\n\n\n\n<p>NTi Audio beh\u00e4lt sich das Recht vor, nach eigenem Ermessen Ihren Zugriff auf die NTi Audio Webseite und die damit verbundenen Dienstleistungen oder Teile davon jederzeit und ohne Vorank\u00fcndigung zu beenden. Generell unterliegt dieser Vertrag, soweit gesetzlich zul\u00e4ssig, den Gesetzen von Liechtenstein, und Sie stimmen hiermit der ausschlie\u00dflichen Gerichtsbarkeit und dem Gerichtsstand Vaduz, Liechtenstein f\u00fcr alle Streitigkeiten zu, die sich aus oder im Zusammenhang mit der Nutzung der NTi Audio Webseite ergeben. Die Nutzung der NTi Audio Webseite ist unzul\u00e4ssig in Gerichtsbarkeiten, die nicht alle Bestimmungen dieser Nutzungsbedingungen, einschlie\u00dflich und ohne Einschr\u00e4nkung dieses Absatzes, in Kraft setzen. Sie erkl\u00e4ren sich damit einverstanden, dass zwischen Ihnen und NTi Audio infolge dieser Vereinbarung oder der Nutzung der NTi Audio Webseite kein Joint Venture, keine Partnerschaft, kein Arbeitsverh\u00e4ltnis und keine Agenturbeziehung besteht. Die Erf\u00fcllung dieser Vereinbarung durch NTi Audio unterliegt den geltenden Gesetzen und rechtlichen Verfahren, und nichts, was in dieser Vereinbarung enthalten ist, beeintr\u00e4chtigt das Recht von NTi Audio, Anfragen oder Anforderungen von Beh\u00f6rden, Gerichten und Strafverfolgungsbeh\u00f6rden in Bezug auf Ihre Nutzung der NTi Audio Webseite oder der NTi Audio zur Verf\u00fcgung gestellten oder von NTi Audio gesammelten Informationen in Bezug auf eine solche Nutzung nachzukommen. Sollte irgendein Teil dieser Vereinbarung gem\u00e4\u00df geltendem Recht, einschlie\u00dflich, aber nicht beschr\u00e4nkt auf die oben dargelegten Gew\u00e4hrleistungsausschl\u00fcsse und Haftungsbeschr\u00e4nkungen, f\u00fcr ung\u00fcltig oder nicht durchsetzbar befunden werden, so gilt die ung\u00fcltige oder nicht durchsetzbare Bestimmung als durch eine g\u00fcltige, durchsetzbare Bestimmung ersetzt, die der Absicht der urspr\u00fcnglichen Bestimmung am n\u00e4chsten kommt, und der Rest der Vereinbarung bleibt in Kraft. Sofern hierin nicht anders angegeben, stellt diese Vereinbarung die gesamte Vereinbarung zwischen dem Benutzer und NTi Audio in Bezug auf die NTi Audio Webseite dar und ersetzt alle fr\u00fcheren oder gleichzeitigen Mitteilungen und Vorschl\u00e4ge, ob elektronisch, m\u00fcndlich oder schriftlich, zwischen dem Benutzer und NTi Audio in Bezug auf die NTi Audio Webseite. Eine gedruckte Version dieser Vereinbarung und aller Mitteilungen in elektronischer Form ist in Gerichts- oder Verwaltungsverfahren, die auf dieser Vereinbarung basieren oder sich auf sie beziehen, im gleichen Umfang zul\u00e4ssig und unterliegt den gleichen Bedingungen wie andere Gesch\u00e4ftsdokumente und -unterlagen, die urspr\u00fcnglich in gedruckter Form erstellt und aufbewahrt wurden. <\/p>\n\n\n\n<p><strong>Copyright- und Markenhinweise <\/strong><\/p>\n\n\n\n<p>Alle Inhalte der NTi Audio Webseite sind: Copyright 2013 von NTi Audio und\/oder seinen Lieferanten. Alle Rechte vorbehalten. <\/p>\n\n\n\n<p><strong>Markenzeichen <\/strong><\/p>\n\n\n\n<p>Die Namen der hier erw\u00e4hnten tats\u00e4chlichen Firmen und Produkte k\u00f6nnen Marken der jeweiligen Eigent\u00fcmer sein. Die hier abgebildeten Beispielfirmen, Organisationen, Produkte, Personen und Ereignisse sind fiktiv. Eine Verbindung mit einem realen Unternehmen, einer Organisation, einem Produkt, einer Person oder einem Ereignis ist weder beabsichtigt noch sollte daraus gefolgert werden. Alle hierin nicht ausdr\u00fccklich gew\u00e4hrten Rechte sind vorbehalten. <\/p>\n\n\n\n<p><strong>Hinweise und Verfahren zur Geltendmachung von Urheberrechtsverletzungen<\/strong> <\/p>\n\n\n\n<p>Gem\u00e4\u00df Titel 17, United States Code, Abschnitt 512(c)(2), sollten Benachrichtigungen \u00fcber behauptete Urheberrechtsverletzungen nach dem Urheberrecht der Vereinigten Staaten an den benannten Vertreter des Dienstleistungsanbieters gesandt werden.<\/p>\n","protected":false},"excerpt":{"rendered":"<p>Hansj\u00f6rg Prettner, CEO NTi Audio AG Im alten Riet 102 9494 Schaan Liechtenstein Tel. +423 239 60 60 Handelsregister Vaduz: 2.012.557 MWSt Nr.: 54306 Nutzungsbedingungen Vereinbarung zwischen Benutzer und NTi Audio Die Webseite von NTi Audio setzt sich aus verschiedenen Unterseiten zusammen, die alle von NTi Audio betrieben werden. S\u00e4mtliche NTi Audio Webseiten werden Ihnen [&hellip;]<\/p>\n","protected":false},"author":1,"featured_media":0,"parent":0,"menu_order":14,"comment_status":"closed","ping_status":"closed","template":"","meta":{"_acf_changed":false,"_seopress_robots_primary_cat":"","_seopress_titles_title":"","_seopress_titles_desc":"","_seopress_robots_index":"yes","footnotes":""},"product-cats":[],"class_list":["post-8350","page","type-page","status-publish"],"acf":[],"_links":{"self":[{"href":"https:\/\/www.nti-audio.com\/de\/wp-json\/wp\/v2\/pages\/8350","targetHints":{"allow":["GET"]}}],"collection":[{"href":"https:\/\/www.nti-audio.com\/de\/wp-json\/wp\/v2\/pages"}],"about":[{"href":"https:\/\/www.nti-audio.com\/de\/wp-json\/wp\/v2\/types\/page"}],"author":[{"embeddable":true,"href":"https:\/\/www.nti-audio.com\/de\/wp-json\/wp\/v2\/users\/1"}],"replies":[{"embeddable":true,"href":"https:\/\/www.nti-audio.com\/de\/wp-json\/wp\/v2\/comments?post=8350"}],"version-history":[{"count":0,"href":"https:\/\/www.nti-audio.com\/de\/wp-json\/wp\/v2\/pages\/8350\/revisions"}],"wp:attachment":[{"href":"https:\/\/www.nti-audio.com\/de\/wp-json\/wp\/v2\/media?parent=8350"}],"wp:term":[{"taxonomy":"product-cats","embeddable":true,"href":"https:\/\/www.nti-audio.com\/de\/wp-json\/wp\/v2\/product-cats?post=8350"}],"curies":[{"name":"wp","href":"https:\/\/api.w.org\/{rel}","templated":true}]}}