{"id":8309,"date":"2024-04-23T06:57:15","date_gmt":"2024-04-23T04:57:15","guid":{"rendered":"https:\/\/www.nti-audio.com\/accueil"},"modified":"2026-03-09T14:31:10","modified_gmt":"2026-03-09T13:31:10","slug":"accueil","status":"publish","type":"page","link":"https:\/\/www.nti-audio.com\/fr","title":{"rendered":"Accueil"},"content":{"rendered":"","protected":false},"excerpt":{"rendered":"","protected":false},"author":1,"featured_media":0,"parent":0,"menu_order":16,"comment_status":"closed","ping_status":"closed","template":"","meta":{"_acf_changed":false,"_seopress_robots_primary_cat":"","_seopress_titles_title":"Solutions audio et acoustique NTi Audio","_seopress_titles_desc":"Solutions de mesure d\u00e9di\u00e9es \u00e0 l'acoustique, \u00e0 l'audio et aux vibrations par secteur d'activit\u00e9 : sonom\u00e8tre, g\u00e9n\u00e9rateur de signaux, analyseur audio analogique\/num\u00e9rique et vibrom\u00e8tre. Analyseur audio. ","_seopress_robots_index":"","footnotes":""},"product-cats":[],"class_list":["post-8309","page","type-page","status-publish"],"acf":[],"_links":{"self":[{"href":"https:\/\/www.nti-audio.com\/fr\/wp-json\/wp\/v2\/pages\/8309","targetHints":{"allow":["GET"]}}],"collection":[{"href":"https:\/\/www.nti-audio.com\/fr\/wp-json\/wp\/v2\/pages"}],"about":[{"href":"https:\/\/www.nti-audio.com\/fr\/wp-json\/wp\/v2\/types\/page"}],"author":[{"embeddable":true,"href":"https:\/\/www.nti-audio.com\/fr\/wp-json\/wp\/v2\/users\/1"}],"replies":[{"embeddable":true,"href":"https:\/\/www.nti-audio.com\/fr\/wp-json\/wp\/v2\/comments?post=8309"}],"version-history":[{"count":0,"href":"https:\/\/www.nti-audio.com\/fr\/wp-json\/wp\/v2\/pages\/8309\/revisions"}],"wp:attachment":[{"href":"https:\/\/www.nti-audio.com\/fr\/wp-json\/wp\/v2\/media?parent=8309"}],"wp:term":[{"taxonomy":"product-cats","embeddable":true,"href":"https:\/\/www.nti-audio.com\/fr\/wp-json\/wp\/v2\/product-cats?post=8309"}],"curies":[{"name":"wp","href":"https:\/\/api.w.org\/{rel}","templated":true}]}}