{"id":8351,"date":"2024-04-23T07:16:15","date_gmt":"2024-04-23T05:16:15","guid":{"rendered":"https:\/\/www.nti-audio.com\/mentions-legales"},"modified":"2026-04-22T08:49:48","modified_gmt":"2026-04-22T06:49:48","slug":"mentions-legales","status":"publish","type":"page","link":"https:\/\/www.nti-audio.com\/fr\/mentions-legales","title":{"rendered":"Mentions l\u00e9gales"},"content":{"rendered":"\n<p><strong>Hansj\u00f6rg Prettner, CEO<\/strong><\/p>\n\n\n\n<p>\n    NTi Audio AG<br>\n    Im alten Riet 102<br>\n    9494 Schaan<br>\n    Liechtenstein<br>\n    Ph +423 239 60 60<br>\n    Commercial Register Local Court Vaduz: 2.012.557<br>\n    VAT identification number: 54306\n<\/p>\n\n\n\n<h2 class=\"wp-block-heading\">Conditions d&#8217;utilisation<\/h2>\n\n\n\n<h3 class=\"wp-block-heading\">Accord entre l&#8217;utilisateur et NTi Audio<\/h3>\n\n\n\n<p>Le site Web de NTi Audio est compos\u00e9 de diverses pages Web exploit\u00e9es par NTi Audio. Le site Web de NTi Audio vous est propos\u00e9 sous r\u00e9serve de votre acceptation sans modification des termes, conditions et avis contenus dans les pr\u00e9sentes. Votre utilisation du site Web NTi Audio constitue votre acceptation de tous ces termes, conditions et avis.<\/p>\n\n\n\n<h3 class=\"wp-block-heading\">Modification des pr\u00e9sentes Conditions d&#8217;utilisation<\/h3>\n\n\n\n<p>NTi Audio se r\u00e9serve le droit de modifier les termes, conditions et avis en vertu desquels le site Web NTi Audio est propos\u00e9, y compris, mais sans s&#8217;y limiter, les frais associ\u00e9s \u00e0 l&#8217;utilisation du site Web NTi Audio.<\/p>\n\n\n\n<h3 class=\"wp-block-heading\">Liens vers des parties tierces<\/h3>\n\n\n\n<p>Le site Web de NTi Audio peut contenir des liens vers d&#8217;autres sites Web (\u00ab sites li\u00e9s \u00bb). Les sites li\u00e9s ne sont pas sous le contr\u00f4le de NTi Audio et NTi Audio n&#8217;est pas responsable du contenu de tout site li\u00e9, y compris, sans limitation, tout lien contenu dans un site li\u00e9, ou toute modification ou mise \u00e0 jour d&#8217;un site li\u00e9. NTi Audio n&#8217;est pas responsable de la diffusion sur le Web ou de toute autre forme de transmission re\u00e7ue de tout site li\u00e9. NTi Audio vous fournit ces liens uniquement \u00e0 titre de commodit\u00e9, et l&#8217;inclusion de tout lien n&#8217;implique pas l&#8217;approbation par NTi Audio du site ou une quelconque association avec ses op\u00e9rateurs.<\/p>\n\n\n\n<h3 class=\"wp-block-heading\">Pas d&#8217;utilisation ill\u00e9gale ou interdite<\/h3>\n\n\n\n<p>Comme condition de votre utilisation du site Web NTi Audio, vous garantissez \u00e0 NTi Audio que vous n&#8217;utiliserez pas le site Web NTi Audio \u00e0 des fins ill\u00e9gales ou interdites par ces termes, conditions et avis. Vous ne pouvez pas utiliser le site Web NTi Audio d&#8217;une mani\u00e8re qui pourrait endommager, d\u00e9sactiver, surcharger ou d\u00e9t\u00e9riorer le site Web NTi Audio ou interf\u00e9rer avec l&#8217;utilisation et la jouissance du site Web NTi Audio par une autre partie. Vous ne pouvez pas obtenir ou tenter d&#8217;obtenir des documents ou des informations par des moyens non intentionnellement mis \u00e0 disposition ou fournis par les sites Web de NTi Audio.<\/p>\n\n\n\n<h3 class=\"wp-block-heading\">Utilisation des services de communication<\/h3>\n\n\n\n<p>Le site Web de NTi Audio peut contenir des services d\u2019affichage d\u2019information, des zones de discussion, des groupes de nouvelles, des forums, des communaut\u00e9s, des pages Web personnelles, des calendriers et\/ou d&#8217;autres installations de messagerie ou de communication con\u00e7ues pour vous permettre de communiquer avec le grand public ou avec un groupe. Vous acceptez d&#8217;utiliser les services de communication uniquement pour publier, envoyer et recevoir des messages et du mat\u00e9riel appropri\u00e9s et li\u00e9s au service de communication particulier. \u00c0 titre d&#8217;exemple, vous acceptez de ne pas :<\/p>\n\n\n\n<ul class=\"wp-block-list\">\n<li>Diffamer, abuser, harceler, traquer, menacer ou violer de toute autre mani\u00e8re les droits l\u00e9gaux d&#8217;autrui.<\/li>\n\n\n\n<li>Publier, t\u00e9l\u00e9charger, distribuer ou diffuser tout sujet, nom, mat\u00e9riel ou information inappropri\u00e9, profane, diffamatoire, contrefait, obsc\u00e8ne, ind\u00e9cent ou ill\u00e9gal.<\/li>\n\n\n\n<li>T\u00e9l\u00e9charger des fichiers contenant des logiciels ou d&#8217;autres \u00e9l\u00e9ments prot\u00e9g\u00e9s par les lois sur la propri\u00e9t\u00e9 intellectuelle, \u00e0 moins que vous ne poss\u00e9diez les droits ou ayez re\u00e7u les consentements n\u00e9cessaires.<\/li>\n\n\n\n<li>T\u00e9l\u00e9charger des fichiers contenant des virus, des fichiers corrompus ou tout autre logiciel similaire pouvant endommager le fonctionnement de l&#8217;ordinateur d&#8217;autrui.<\/li>\n\n\n\n<li>Faire de la publicit\u00e9 ou proposer de vendre ou d&#8217;acheter des biens ou des services \u00e0 des fins commerciales, \u00e0 moins que le service ne l&#8217;autorise sp\u00e9cifiquement.<\/li>\n\n\n\n<li>Mener ou transmettre des sondages, des concours, des syst\u00e8mes pyramidaux ou des cha\u00eenes de lettres.<\/li>\n\n\n\n<li>T\u00e9l\u00e9charger tout fichier publi\u00e9 par un autre utilisateur d&#8217;un service de communication que vous savez ne pas pouvoir \u00eatre l\u00e9galement distribu\u00e9 de cette mani\u00e8re.<\/li>\n\n\n\n<li>Falsifier ou supprimer toute attribution d&#8217;auteur, avis l\u00e9gal ou d\u00e9signation de propri\u00e9t\u00e9.<\/li>\n\n\n\n<li>Restreindre ou emp\u00eacher tout autre utilisateur d&#8217;utiliser les services de communication.<\/li>\n\n\n\n<li>Violer tout code de conduite ou autres directives applicables.<\/li>\n\n\n\n<li>R\u00e9colter ou collecter des informations sur des tiers, y compris des adresses e-mail, sans leur consentement.<\/li>\n\n\n\n<li>Violer toute loi ou r\u00e9glementation applicable.<\/li>\n<\/ul>\n\n\n\n<p>NTi Audio se r\u00e9serve le droit d&#8217;examiner les \u00e9l\u00e9ments envoy\u00e9s et de supprimer tout \u00e9l\u00e9ment \u00e0 sa seule discr\u00e9tion. NTi Audio se r\u00e9serve le droit de r\u00e9silier votre acc\u00e8s \u00e0 tout ou partie des services de communication \u00e0 tout moment et sans pr\u00e9avis.<\/p>\n\n\n\n<h3 class=\"wp-block-heading\">Utilisation du contenu des m\u00e9dias<\/h3>\n\n\n\n<p>NTi Audio autorise l&#8217;utilisation et le t\u00e9l\u00e9chargement de contenu m\u00e9dia sur www.nti-audio.com ou sur les r\u00e9seaux sociaux sous r\u00e9serve des conditions suivantes :<\/p>\n\n\n\n<p>La reproduction, la publication ou la duplication des contenus m\u00e9dias ne sont autoris\u00e9es qu&#8217;avec un accord \u00e9crit. En aucun cas, le contenu des m\u00e9dias ne doit \u00eatre modifi\u00e9 ou utilis\u00e9 de mani\u00e8re inappropri\u00e9e sans notre accord. Les droits sur le contenu des m\u00e9dias restent la propri\u00e9t\u00e9 de NTi Audio. Le terme contenu des m\u00e9dias fait r\u00e9f\u00e9rence \u00e0 :<\/p>\n\n\n\n<ul class=\"wp-block-list\">\n<li>Photographies<\/li>\n\n\n\n<li>Graphiques et Illustrations<\/li>\n\n\n\n<li>Documents<\/li>\n\n\n\n<li>Textes<\/li>\n\n\n\n<li>Vid\u00e9os<\/li>\n\n\n\n<li>Fichiers audio<\/li>\n<\/ul>\n\n\n\n<h3 class=\"wp-block-heading\">Mat\u00e9riaux fournis \u00e0 NTi Audio ou post\u00e9s sur tout site web de NTi Audio<\/h3>\n\n\n\n<p>NTi Audio ne revendique pas la propri\u00e9t\u00e9 des documents que vous fournissez (soumissions). Toutefois, en soumettant votre contenu, vous accordez \u00e0 NTi Audio l&#8217;autorisation d&#8217;utiliser votre soumission dans le cadre de l&#8217;exploitation de ses activit\u00e9s Internet (copier, distribuer, transmettre, afficher publiquement, \u00e9diter, traduire, etc.).<\/p>\n\n\n\n<h3 class=\"wp-block-heading\">Clause de non-responsabilit\u00e9<\/h3>\n\n\n\n<p>LES INFORMATIONS, LOGICIELS, PRODUITS ET SERVICES INCLUS DANS LE SITE WEB PEUVENT COMPRENDRE DES ERREURS TYPOGRAPHIQUES. DES MODIFICATIONS SONT APPORT\u00c9ES P\u00c9RIODIQUEMENT. LES CONSEILS RE\u00c7US NE DOIVENT PAS \u00caTRE UTILIS\u00c9S POUR DES D\u00c9CISIONS PERSONNELLES, M\u00c9DICALES, JURIDIQUES OU FINANCI\u00c8RES SANS CONSULTER UN PROFESSIONNEL COMP\u00c9TENT.<\/p>\n\n\n\n<p>DANS LA MESURE MAXIMALE AUTORIS\u00c9E PAR LA LOI, TOUTES CES INFORMATIONS SONT FOURNIES &#8220;TELLES QUELLES&#8221; SANS GARANTIE D&#8217;AUCUNE SORTE. NTi Audio ET SES FOURNISSEURS D\u00c9CLINENT TOUTE RESPONSABILIT\u00c9 POUR TOUT DOMMAGE DIRECT, INDIRECT OU CONS\u00c9CUTIF D\u00c9COULANT DE L&#8217;UTILISATION DU SITE.<\/p>\n\n\n\n<p>SERVICE \u00c0 CONTACTER : media@nti-audio.com<\/p>\n\n\n\n<h3 class=\"wp-block-heading\">R\u00e9siliation \/ Restriction d&#8217;acc\u00e8s<\/h3>\n\n\n\n<p>NTi Audio se r\u00e9serve le droit de mettre fin \u00e0 votre acc\u00e8s sans pr\u00e9avis. Dans toute la mesure permise par la loi, le pr\u00e9sent contrat est r\u00e9gi par les lois de l&#8217;\u00c9tat de Washington, \u00c9tats-Unis (ou Liechtenstein selon la juridiction applicable), et vous consentez \u00e0 la comp\u00e9tence exclusive des tribunaux concern\u00e9s.<\/p>\n\n\n\n<h3 class=\"wp-block-heading\">Avis sur les droits d&#8217;auteur et les marques de commerce<\/h3>\n\n\n\n<p>Tous les contenus du site web de NTi Audio sont : Copyright 2013 par NTi Audio et\/ou ses fournisseurs. Tous droits r\u00e9serv\u00e9s.<\/p>\n\n\n\n<h3 class=\"wp-block-heading\">Marques d\u00e9pos\u00e9es<\/h3>\n\n\n\n<p>Les noms des soci\u00e9t\u00e9s et produits r\u00e9els mentionn\u00e9s dans le pr\u00e9sent document peuvent \u00eatre des marques commerciales de leurs propri\u00e9taires respectifs. Tous les droits non express\u00e9ment accord\u00e9s dans le pr\u00e9sent document sont r\u00e9serv\u00e9s.<\/p>\n\n\n\n<h3 class=\"wp-block-heading\">Avis et proc\u00e9dure de r\u00e9clamation pour violation des droits d&#8217;auteur<\/h3>\n\n\n\n<p>Conform\u00e9ment au titre 17 du Code des \u00c9tats-Unis, section 512(c)(2), les notifications de violation de droits d&#8217;auteur doivent \u00eatre envoy\u00e9es \u00e0 l&#8217;agent d\u00e9sign\u00e9 du fournisseur de services.<\/p>\n","protected":false},"excerpt":{"rendered":"<p>Hansj\u00f6rg Prettner, CEO NTi Audio AG Im alten Riet 102 9494 Schaan Liechtenstein Ph +423 239 60 60 Commercial Register Local Court Vaduz: 2.012.557 VAT identification number: 54306 Conditions d&#8217;utilisation Accord entre l&#8217;utilisateur et NTi Audio Le site Web de NTi Audio est compos\u00e9 de diverses pages Web exploit\u00e9es par NTi Audio. Le site Web [&hellip;]<\/p>\n","protected":false},"author":1,"featured_media":0,"parent":0,"menu_order":14,"comment_status":"closed","ping_status":"closed","template":"","meta":{"_acf_changed":false,"_seopress_robots_primary_cat":"","_seopress_titles_title":"","_seopress_titles_desc":"","_seopress_robots_index":"yes","footnotes":""},"product-cats":[],"class_list":["post-8351","page","type-page","status-publish"],"acf":[],"_links":{"self":[{"href":"https:\/\/www.nti-audio.com\/fr\/wp-json\/wp\/v2\/pages\/8351","targetHints":{"allow":["GET"]}}],"collection":[{"href":"https:\/\/www.nti-audio.com\/fr\/wp-json\/wp\/v2\/pages"}],"about":[{"href":"https:\/\/www.nti-audio.com\/fr\/wp-json\/wp\/v2\/types\/page"}],"author":[{"embeddable":true,"href":"https:\/\/www.nti-audio.com\/fr\/wp-json\/wp\/v2\/users\/1"}],"replies":[{"embeddable":true,"href":"https:\/\/www.nti-audio.com\/fr\/wp-json\/wp\/v2\/comments?post=8351"}],"version-history":[{"count":0,"href":"https:\/\/www.nti-audio.com\/fr\/wp-json\/wp\/v2\/pages\/8351\/revisions"}],"wp:attachment":[{"href":"https:\/\/www.nti-audio.com\/fr\/wp-json\/wp\/v2\/media?parent=8351"}],"wp:term":[{"taxonomy":"product-cats","embeddable":true,"href":"https:\/\/www.nti-audio.com\/fr\/wp-json\/wp\/v2\/product-cats?post=8351"}],"curies":[{"name":"wp","href":"https:\/\/api.w.org\/{rel}","templated":true}]}}